{"id":11,"date":"2012-11-08T19:23:50","date_gmt":"2012-11-08T17:23:50","guid":{"rendered":"http:\/\/verena-troester.de.dd10526.kasserver.com\/wordpress\/?page_id=11"},"modified":"2021-12-01T19:16:49","modified_gmt":"2021-12-01T17:16:49","slug":"radio","status":"publish","type":"page","link":"http:\/\/verena-troester.de\/?page_id=11","title":{"rendered":"Radio"},"content":{"rendered":"<h4>domradio.de &#8211; Der Morgen<\/h4>\n<p>Zusammenschnitt Moderationen<\/p>\n<!--[if lt IE 9]><script>document.createElement('audio');<\/script><![endif]-->\n<audio class=\"wp-audio-shortcode\" id=\"audio-11-1\" preload=\"none\" style=\"width: 100%;\" controls=\"controls\"><source type=\"audio\/mpeg\" src=\"http:\/\/verena-troester.de\/wp-content\/uploads\/2012\/11\/Moderationen.mp3?_=1\" \/><a href=\"http:\/\/verena-troester.de\/wp-content\/uploads\/2012\/11\/Moderationen.mp3\">http:\/\/verena-troester.de\/wp-content\/uploads\/2012\/11\/Moderationen.mp3<\/a><\/audio>\n<p>&nbsp;<\/p>\n<h4>Deutschlandfunk &#8211; Informationen am Morgen<\/h4>\n<p>Reportage: Hilfen f\u00fcr Kinder psychisch belasteter Eltern<\/p>\n<audio class=\"wp-audio-shortcode\" id=\"audio-11-2\" preload=\"none\" style=\"width: 100%;\" controls=\"controls\"><source type=\"audio\/mpeg\" src=\"http:\/\/verena-troester.de\/wp-content\/uploads\/2012\/11\/Kinder_psychisch_belasteter_Eltern_-_.mp3?_=2\" \/><a href=\"http:\/\/verena-troester.de\/wp-content\/uploads\/2012\/11\/Kinder_psychisch_belasteter_Eltern_-_.mp3\">http:\/\/verena-troester.de\/wp-content\/uploads\/2012\/11\/Kinder_psychisch_belasteter_Eltern_-_.mp3<\/a><\/audio>\n<p>&nbsp;<\/p>\n<h4>WDR 5 &#8211; Morgenecho<\/h4>\n<p>Reportage: Altentheater bringt Pr\u00e4ventionsst\u00fcck der Polizei auf die B\u00fchne<\/p>\n<audio class=\"wp-audio-shortcode\" id=\"audio-11-3\" preload=\"none\" style=\"width: 100%;\" controls=\"controls\"><source type=\"audio\/mpeg\" src=\"http:\/\/verena-troester.de\/wp-content\/uploads\/2012\/11\/Altentheater_bringt_Pra\u0308ventionsstu\u0308ck_der_Polizei_auf_die_Bu\u0308hne_-_.mp3?_=3\" \/><a href=\"http:\/\/verena-troester.de\/wp-content\/uploads\/2012\/11\/Altentheater_bringt_Pra\u0308ventionsstu\u0308ck_der_Polizei_auf_die_Bu\u0308hne_-_.mp3\">http:\/\/verena-troester.de\/wp-content\/uploads\/2012\/11\/Altentheater_bringt_Pra\u0308ventionsstu\u0308ck_der_Polizei_auf_die_Bu\u0308hne_-_.mp3<\/a><\/audio>\n<p>&nbsp;<\/p>\n<h4>WDR 3 &#8211; Kultur am Mittag<\/h4>\n<p>Reportage: Kulturliste K\u00f6ln wird 5 Jahre alt<\/p>\n<audio class=\"wp-audio-shortcode\" id=\"audio-11-4\" preload=\"none\" style=\"width: 100%;\" controls=\"controls\"><source type=\"audio\/mpeg\" src=\"http:\/\/verena-troester.de\/wp-content\/uploads\/2012\/11\/Kulturliste_Ko\u0308ln_wird_5_Jahre_alt_-_220517.mp3?_=4\" \/><a href=\"http:\/\/verena-troester.de\/wp-content\/uploads\/2012\/11\/Kulturliste_Ko\u0308ln_wird_5_Jahre_alt_-_220517.mp3\">http:\/\/verena-troester.de\/wp-content\/uploads\/2012\/11\/Kulturliste_Ko\u0308ln_wird_5_Jahre_alt_-_220517.mp3<\/a><\/audio>\n","protected":false},"excerpt":{"rendered":"<p>domradio.de &#8211; Der Morgen Zusammenschnitt Moderationen &nbsp; Deutschlandfunk &#8211; Informationen am Morgen Reportage: Hilfen f\u00fcr Kinder psychisch belasteter Eltern &nbsp; WDR 5 &#8211; Morgenecho Reportage: Altentheater bringt Pr\u00e4ventionsst\u00fcck der Polizei auf die B\u00fchne &nbsp; WDR 3 &#8211; Kultur am Mittag Reportage: Kulturliste K\u00f6ln wird 5 Jahre alt<\/p>\n","protected":false},"author":1,"featured_media":331,"parent":0,"menu_order":3,"comment_status":"open","ping_status":"closed","template":"","meta":[],"_links":{"self":[{"href":"http:\/\/verena-troester.de\/index.php?rest_route=\/wp\/v2\/pages\/11"}],"collection":[{"href":"http:\/\/verena-troester.de\/index.php?rest_route=\/wp\/v2\/pages"}],"about":[{"href":"http:\/\/verena-troester.de\/index.php?rest_route=\/wp\/v2\/types\/page"}],"author":[{"embeddable":true,"href":"http:\/\/verena-troester.de\/index.php?rest_route=\/wp\/v2\/users\/1"}],"replies":[{"embeddable":true,"href":"http:\/\/verena-troester.de\/index.php?rest_route=%2Fwp%2Fv2%2Fcomments&post=11"}],"version-history":[{"count":53,"href":"http:\/\/verena-troester.de\/index.php?rest_route=\/wp\/v2\/pages\/11\/revisions"}],"predecessor-version":[{"id":300,"href":"http:\/\/verena-troester.de\/index.php?rest_route=\/wp\/v2\/pages\/11\/revisions\/300"}],"wp:featuredmedia":[{"embeddable":true,"href":"http:\/\/verena-troester.de\/index.php?rest_route=\/wp\/v2\/media\/331"}],"wp:attachment":[{"href":"http:\/\/verena-troester.de\/index.php?rest_route=%2Fwp%2Fv2%2Fmedia&parent=11"}],"curies":[{"name":"wp","href":"https:\/\/api.w.org\/{rel}","templated":true}]}}